{"id":4369,"date":"2026-05-07T10:39:31","date_gmt":"2026-05-07T10:39:31","guid":{"rendered":"https:\/\/www.peoplematters.com\/formacion\/ccp\/?page_id=4369"},"modified":"2026-05-07T10:41:19","modified_gmt":"2026-05-07T10:41:19","slug":"informacion-sobre-proteccion-de-datos","status":"publish","type":"page","link":"https:\/\/www.peoplematters.com\/formacion\/ccp\/informacion-sobre-proteccion-de-datos\/","title":{"rendered":"INFORMACION SOBRE PROTECCI\u00d3N DE DATOS"},"content":{"rendered":"\t\t<div data-elementor-type=\"wp-page\" data-elementor-id=\"4369\" class=\"elementor elementor-4369\" data-elementor-post-type=\"page\">\n\t\t\t\t<div class=\"elementor-element elementor-element-00084f5 e-con-full e-flex e-con e-parent\" data-id=\"00084f5\" data-element_type=\"container\" data-e-type=\"container\">\n\t\t<div class=\"elementor-element elementor-element-e99edd9 e-flex e-con-boxed e-con e-child\" data-id=\"e99edd9\" data-element_type=\"container\" data-e-type=\"container\">\n\t\t\t\t\t<div class=\"e-con-inner\">\n\t\t\t\t<div class=\"elementor-element elementor-element-2c99e79 elementor-widget elementor-widget-text-editor\" data-id=\"2c99e79\" data-element_type=\"widget\" data-e-type=\"widget\" data-widget_type=\"text-editor.default\">\n\t\t\t\t<div class=\"elementor-widget-container\">\n\t\t\t\t\t\t\t\t\t<table class=\"table table-striped\" style=\"text-align: left;\">\n<tbody>\n<tr>\n<td>Responsable<\/td>\n<td>PEOPLE MATTERS S.L.<\/td>\n<\/tr>\n<tr>\n<td>Finalidad y legitimaci\u00f3n<\/td>\n<td>Atenci\u00f3n y gesti\u00f3n de la consulta efectuada por el USUARIO que completa los Datos Personales del Formulario de contacto. Si el USUARIO presta su consentimiento, los datos de contacto se utilizar\u00e1n para remitirle:\n<ul>\n \t<li>Informaci\u00f3n comercial.<\/li>\n \t<li>Invitaciones a eventos, webinars y formaciones que Peoplematters organice y que considere que puedan ser de mi inter\u00e9s.<\/li>\n \t<li>Informaci\u00f3n de las \u00faltimas novedades sobre productos y servicios de Peoplematters ajustados a mi perfil.<\/li>\n \t<li>Newsletters y\/o Boletines (con noticias, art\u00edculos, p\u00edldoras de TV)<\/li>\n \t<li>Material de inter\u00e9s.<\/li>\n<\/ul>\n<\/td>\n<\/tr>\n<!--\n<tr>\n<td>Legitimaci\u00f3n<\/td>\n<td>Prestaci\u00f3n del servicio de notificaci\u00f3n solicitado.Inter\u00e9s leg\u00edtimo\n\nConsentimiento del usuario<\/td>\n<\/tr>\n--><!--\n<tr>\n<td>Destinatarios<\/td>\n<td>Sus datos no ser\u00e1n compartidos con terceros, y si se presentara tal caso, se solicitar\u00eda\nespec\u00edficamente su autorizaci\u00f3n antes de transferir cualquier detalle. La asistencia a cursos o\nseminarios celebrados en asociaci\u00f3n con organizaciones puede requerir la transferencia internacional de\ndatos.<\/td>\n<\/tr>\n-->\n<tr>\n<td>Derechos<\/td>\n<td>Acceso, rectificaci\u00f3n, oposici\u00f3n, supresi\u00f3n, portabilidad, limitaci\u00f3n de tratamiento, no ser objeto de decisiones automatizadas, como se indica en la informaci\u00f3n adicional.<\/td>\n<\/tr>\n<tr>\n<td>Cesi\u00f3n<\/td>\n<td>Si el USUARIO presta consentimiento expreso, los datos podr\u00e1n ser cedidos a las entidades relacionadas con PEOPLE MATTERS. La asistencia a cursos o seminarios celebrados en asociaci\u00f3n con organizaciones puede requerir la transferencia internacional de datos.No ser\u00e1 necesario recabar su consentimiento cuando la cesi\u00f3n encuentre amparo en el inter\u00e9s leg\u00edtimo del Responsable de la Web.<\/td>\n<\/tr>\n<tr>\n<td>Informaci\u00f3n adicional<\/td>\n<td>Puede consultar la informaci\u00f3n adicional y detallada sobre Protecci\u00f3n de Datos en nuestra <a style=\"color: #314069;\" href=\"\/es\/politica-de-privacidad\">Pol\u00edtica de Privacidad<\/a><\/td>\n<\/tr>\n<\/tbody>\n<\/table>\t\t\t\t\t\t\t\t<\/div>\n\t\t\t\t<\/div>\n\t\t\t\t\t<\/div>\n\t\t\t\t<\/div>\n\t\t\t\t<\/div>\n\t\t\t\t<\/div>\n\t\t","protected":false},"excerpt":{"rendered":"<p>Responsable PEOPLE MATTERS S.L. Finalidad y legitimaci\u00f3n Atenci\u00f3n y gesti\u00f3n de la consulta efectuada por el USUARIO que completa los [&hellip;]<\/p>\n","protected":false},"author":1,"featured_media":0,"parent":0,"menu_order":0,"comment_status":"closed","ping_status":"closed","template":"","meta":{"site-sidebar-layout":"no-sidebar","site-content-layout":"","ast-site-content-layout":"full-width-container","site-content-style":"default","site-sidebar-style":"default","ast-global-header-display":"","ast-banner-title-visibility":"","ast-main-header-display":"","ast-hfb-above-header-display":"","ast-hfb-below-header-display":"","ast-hfb-mobile-header-display":"","site-post-title":"disabled","ast-breadcrumbs-content":"","ast-featured-img":"disabled","footer-sml-layout":"","ast-disable-related-posts":"","theme-transparent-header-meta":"","adv-header-id-meta":"","stick-header-meta":"","header-above-stick-meta":"","header-main-stick-meta":"","header-below-stick-meta":"","astra-migrate-meta-layouts":"default","ast-page-background-enabled":"default","ast-page-background-meta":{"desktop":{"background-color":"var(--ast-global-color-4)","background-image":"","background-repeat":"repeat","background-position":"center center","background-size":"auto","background-attachment":"scroll","background-type":"","background-media":"","overlay-type":"","overlay-color":"","overlay-opacity":"","overlay-gradient":""},"tablet":{"background-color":"","background-image":"","background-repeat":"repeat","background-position":"center center","background-size":"auto","background-attachment":"scroll","background-type":"","background-media":"","overlay-type":"","overlay-color":"","overlay-opacity":"","overlay-gradient":""},"mobile":{"background-color":"","background-image":"","background-repeat":"repeat","background-position":"center center","background-size":"auto","background-attachment":"scroll","background-type":"","background-media":"","overlay-type":"","overlay-color":"","overlay-opacity":"","overlay-gradient":""}},"ast-content-background-meta":{"desktop":{"background-color":"var(--ast-global-color-5)","background-image":"","background-repeat":"repeat","background-position":"center center","background-size":"auto","background-attachment":"scroll","background-type":"","background-media":"","overlay-type":"","overlay-color":"","overlay-opacity":"","overlay-gradient":""},"tablet":{"background-color":"var(--ast-global-color-5)","background-image":"","background-repeat":"repeat","background-position":"center center","background-size":"auto","background-attachment":"scroll","background-type":"","background-media":"","overlay-type":"","overlay-color":"","overlay-opacity":"","overlay-gradient":""},"mobile":{"background-color":"var(--ast-global-color-5)","background-image":"","background-repeat":"repeat","background-position":"center center","background-size":"auto","background-attachment":"scroll","background-type":"","background-media":"","overlay-type":"","overlay-color":"","overlay-opacity":"","overlay-gradient":""}},"footnotes":""},"class_list":["post-4369","page","type-page","status-publish","hentry"],"_links":{"self":[{"href":"https:\/\/www.peoplematters.com\/formacion\/ccp\/wp-json\/wp\/v2\/pages\/4369","targetHints":{"allow":["GET"]}}],"collection":[{"href":"https:\/\/www.peoplematters.com\/formacion\/ccp\/wp-json\/wp\/v2\/pages"}],"about":[{"href":"https:\/\/www.peoplematters.com\/formacion\/ccp\/wp-json\/wp\/v2\/types\/page"}],"author":[{"embeddable":true,"href":"https:\/\/www.peoplematters.com\/formacion\/ccp\/wp-json\/wp\/v2\/users\/1"}],"replies":[{"embeddable":true,"href":"https:\/\/www.peoplematters.com\/formacion\/ccp\/wp-json\/wp\/v2\/comments?post=4369"}],"version-history":[{"count":4,"href":"https:\/\/www.peoplematters.com\/formacion\/ccp\/wp-json\/wp\/v2\/pages\/4369\/revisions"}],"predecessor-version":[{"id":4373,"href":"https:\/\/www.peoplematters.com\/formacion\/ccp\/wp-json\/wp\/v2\/pages\/4369\/revisions\/4373"}],"wp:attachment":[{"href":"https:\/\/www.peoplematters.com\/formacion\/ccp\/wp-json\/wp\/v2\/media?parent=4369"}],"curies":[{"name":"wp","href":"https:\/\/api.w.org\/{rel}","templated":true}]}}